{"id":12,"date":"2014-08-14T18:42:14","date_gmt":"2014-08-14T18:42:14","guid":{"rendered":"http:\/\/www.alphapavimentos.com\/inicio\/?page_id=12"},"modified":"2014-08-20T18:35:31","modified_gmt":"2014-08-20T18:35:31","slug":"nosotros","status":"publish","type":"page","link":"http:\/\/www.alphapavimentos.com\/inicio\/nosotros\/","title":{"rendered":"Nosotros"},"content":{"rendered":"<h1>MISION, VISION, VALORES Y COMPROMISOS.<\/h1>\n<p>EN ALPHA PAVIMENTOS SOMOS UNA EMPRESA ALTAMENTE PRODUCTIVA Y 100% HUMANA<\/p>\n<h2>Misi\u00f3n.<\/h2>\n<p>Trabajar d\u00eda a d\u00eda, con pasi\u00f3n para poder crear obras de calidad en beneficio de la sociedad, siendo 100% amables con el medio ambiente.<\/p>\n<h2>Visi\u00f3n.<\/h2>\n<p>Posicionarse\u00a0 como empresa l\u00edder en pavimentaci\u00f3n a nivel nacional, a trav\u00e9s del desarrollo de t\u00e9cnicas sustentables, as\u00ed como la innovaci\u00f3n de productos. Esto con el fin de crear obras m\u00e1s eficientes y menormente da\u00f1inas al medio ambiente.<\/p>\n<h2>Valores.<\/h2>\n<ul>\n<li><strong>Pasi\u00f3n.<\/strong> Tener<strong>\u00a0<\/strong>pasi\u00f3n\u00a0por algo, es querer repetirlo siempre, es sentir un grado indescriptible de felicidad y placer al hacerlo.<\/li>\n<li><strong>Responsabilidad.\u00a0<\/strong> La tranquilidad que se le da al cliente para la entrega de una obra en tiempo y forma, as\u00ed como que cumpla los mayores est\u00e1ndares de calidad.<\/li>\n<li><strong>Trabajo en equipo.<\/strong> Valoramos el trabajar unidos, el compartir esfuerzos para a as\u00ed obtener logros.<\/li>\n<li><strong>Calidad.<\/strong> Desarrollamos procesos constructivos altamente confiables.<\/li>\n<li><strong>Efectividad.<\/strong> Trabajamos con eficacia, precisi\u00f3n\u00a0 y excelencia.<\/li>\n<\/ul>\n<h2>Compromisos.<\/h2>\n<p><strong>CON NUESTROS CLIENTES.<\/strong><\/p>\n<p>Trabajos de calidad con mano de obra calificada, impulsando la investigaci\u00f3n y capacitaci\u00f3n continua. Para ofrecer propuestas de calidad a un precio justo.<\/p>\n<p><strong>CON LA SOCIEDAD.<\/strong><\/p>\n<p>Promoviendo el uso y la aplicaci\u00f3n de los mejores materiales, t\u00e9cnicas y procesos. Para la mayor durabilidad de una obra y evitar el menor problema al usuario en el d\u00eda a d\u00eda, siempre siendo respetuosos con el medio ambiente.<\/p>\n<p><strong>CON NUESTROS COMPETIDORES.<\/strong><\/p>\n<p>Competir en un marco de integridad y respeto, as\u00ed como \u00a0con precios justos que\u00a0 se muevan en los mercados actuales, siguiendo los est\u00e1ndares de calidad en los materiales.<\/p>\n<p><strong>CON NUESTROS PROVEDORES.<\/strong><\/p>\n<p>Trabajar siempre en un ambiente de cordialidad\u00a0 y respeto. Promoviendo su desarrollo y formando alianzas duraderas y justas.<\/p>\n<p><strong>CON NUESTROS SOCIOS Y COLABORADORES.<\/strong><\/p>\n<p>Formar un ambiente de armon\u00eda, tranquilidad social y econ\u00f3mica as\u00ed como brindarles apoyo y capacitaci\u00f3n continua, siempre respetando su individualidad y dignidad.<\/p>\n","protected":false},"excerpt":{"rendered":"<p>MISION, VISION, VALORES Y COMPROMISOS. EN ALPHA PAVIMENTOS SOMOS UNA EMPRESA ALTAMENTE PRODUCTIVA Y 100% HUMANA Misi\u00f3n. Trabajar d\u00eda a d\u00eda, con pasi\u00f3n para poder crear obras de calidad en beneficio de la sociedad, siendo 100% amables con el medio ambiente. Visi\u00f3n. Posicionarse\u00a0 como empresa l\u00edder en pavimentaci\u00f3n a nivel nacional, a trav\u00e9s del desarrollo [&hellip;]<\/p>\n","protected":false},"author":1,"featured_media":0,"parent":0,"menu_order":0,"comment_status":"closed","ping_status":"closed","template":"","meta":[],"_links":{"self":[{"href":"http:\/\/www.alphapavimentos.com\/inicio\/wp-json\/wp\/v2\/pages\/12"}],"collection":[{"href":"http:\/\/www.alphapavimentos.com\/inicio\/wp-json\/wp\/v2\/pages"}],"about":[{"href":"http:\/\/www.alphapavimentos.com\/inicio\/wp-json\/wp\/v2\/types\/page"}],"author":[{"embeddable":true,"href":"http:\/\/www.alphapavimentos.com\/inicio\/wp-json\/wp\/v2\/users\/1"}],"replies":[{"embeddable":true,"href":"http:\/\/www.alphapavimentos.com\/inicio\/wp-json\/wp\/v2\/comments?post=12"}],"version-history":[{"count":7,"href":"http:\/\/www.alphapavimentos.com\/inicio\/wp-json\/wp\/v2\/pages\/12\/revisions"}],"predecessor-version":[{"id":75,"href":"http:\/\/www.alphapavimentos.com\/inicio\/wp-json\/wp\/v2\/pages\/12\/revisions\/75"}],"wp:attachment":[{"href":"http:\/\/www.alphapavimentos.com\/inicio\/wp-json\/wp\/v2\/media?parent=12"}],"curies":[{"name":"wp","href":"https:\/\/api.w.org\/{rel}","templated":true}]}}