{"id":28,"date":"2014-08-15T00:38:18","date_gmt":"2014-08-15T00:38:18","guid":{"rendered":"http:\/\/www.alphapavimentos.com\/inicio\/?page_id=28"},"modified":"2014-08-20T19:12:03","modified_gmt":"2014-08-20T19:12:03","slug":"blog","status":"publish","type":"page","link":"http:\/\/www.alphapavimentos.com\/inicio\/blog\/","title":{"rendered":"Blog"},"content":{"rendered":"<p>Aqu\u00ed podr\u00e1s encontrar toda la informaci\u00f3n relevante y actual de nuestro sitio.<br \/>\n<h2 class=\"post-to-page-title\"><a href=\"http:\/\/www.alphapavimentos.com\/inicio\/uncategorized\/hello-world\/\">Alpha Pavimentos<\/a><\/h2>\n<span class=\"post-to-page-date\">2014-08-12 17:58:56<\/span>\n<span class=\"post-to-page-author\">admin<\/span>\n<div class=\"post-to-page-content\">\n<p>Bienvenido a nuestra zona de blog. Aqu\u00ed podr\u00e1s encontrar el hist\u00f3rico de publicaciones de Alpha Pavimentos y la experiencia que nos caracteriza.<\/p>\n<\/div>\nPosted in: <span class=\"post-to-page-categories\"><a href=\"http:\/\/www.alphapavimentos.com\/inicio\/category\/uncategorized\/\">Uncategorized<\/a><\/span><span class=\"post-to-page-image\"><a href=\"http:\/\/www.alphapavimentos.com\/inicio\/uncategorized\/hello-world\/\"><\/a><\/span>\n<span class=\"post-to-page-readmore\"><a href=\"http:\/\/www.alphapavimentos.com\/inicio\/uncategorized\/hello-world\/\">Read more...<\/a><\/span>\n<span class=\"post-to-page-comment-count\">0 comments<\/span>\n<hr class=\"post-to-page-separator\" \/>\n<\/p>\n","protected":false},"excerpt":{"rendered":"<p>Aqu\u00ed podr\u00e1s encontrar toda la informaci\u00f3n relevante y actual de nuestro sitio.<\/p>\n","protected":false},"author":1,"featured_media":0,"parent":0,"menu_order":0,"comment_status":"closed","ping_status":"closed","template":"","meta":[],"_links":{"self":[{"href":"http:\/\/www.alphapavimentos.com\/inicio\/wp-json\/wp\/v2\/pages\/28"}],"collection":[{"href":"http:\/\/www.alphapavimentos.com\/inicio\/wp-json\/wp\/v2\/pages"}],"about":[{"href":"http:\/\/www.alphapavimentos.com\/inicio\/wp-json\/wp\/v2\/types\/page"}],"author":[{"embeddable":true,"href":"http:\/\/www.alphapavimentos.com\/inicio\/wp-json\/wp\/v2\/users\/1"}],"replies":[{"embeddable":true,"href":"http:\/\/www.alphapavimentos.com\/inicio\/wp-json\/wp\/v2\/comments?post=28"}],"version-history":[{"count":5,"href":"http:\/\/www.alphapavimentos.com\/inicio\/wp-json\/wp\/v2\/pages\/28\/revisions"}],"predecessor-version":[{"id":33,"href":"http:\/\/www.alphapavimentos.com\/inicio\/wp-json\/wp\/v2\/pages\/28\/revisions\/33"}],"wp:attachment":[{"href":"http:\/\/www.alphapavimentos.com\/inicio\/wp-json\/wp\/v2\/media?parent=28"}],"curies":[{"name":"wp","href":"https:\/\/api.w.org\/{rel}","templated":true}]}}