{"id":70,"date":"2014-08-20T17:38:17","date_gmt":"2014-08-20T17:38:17","guid":{"rendered":"http:\/\/www.alphapavimentos.com\/inicio\/?page_id=70"},"modified":"2015-02-07T23:33:24","modified_gmt":"2015-02-07T23:33:24","slug":"servicios","status":"publish","type":"page","link":"http:\/\/www.alphapavimentos.com\/inicio\/servicios\/","title":{"rendered":"Servicios"},"content":{"rendered":"<p>&nbsp;<\/p>\n<h1 style=\"text-align: center;\">Alpha Pavimentos<\/h1>\n<p style=\"text-align: center;\"><strong>Servicios que ofrecemos<\/strong><\/p>\n<p style=\"text-align: center;\"><div class=\"slideshow_container slideshow_container_style-light\" style=\"height: 350px; \" data-session-id=\"0\" data-style-name=\"style-light\" data-style-version=\"2.2.21\">\r\n\r\n\t\t\t<div class=\"slideshow_loading_icon\"><\/div>\r\n\t\r\n\t<div class=\"slideshow_content\" style=\"display: none;\">\r\n\r\n\t\t<div class=\"slideshow_view\">\r\n\t\t\t<div class=\"slideshow_slide slideshow_slide_image\">\r\n\t\t\t\t\t\t\t\t\t<img src=\"http:\/\/www.alphapavimentos.com\/inicio\/wp-content\/uploads\/2014\/08\/foto-9.jpg\" alt=\"Alpha Pavimentos\" width=\"800\" height=\"604\" \/>\r\n\t\t\t\t\t\t\t\t<div class=\"slideshow_description_box slideshow_transparent\">\r\n\t\t\t\t\t<div class=\"slideshow_title\">Alpha Pavimentos<\/div>\t\t\t\t\t\t\t\t\t<\/div>\r\n\t\t\t<\/div>\r\n\r\n\t\t\t<div style=\"clear: both;\"><\/div><\/div><div class=\"slideshow_view\">\r\n\t\t\t<div class=\"slideshow_slide slideshow_slide_image\">\r\n\t\t\t\t\t\t\t\t\t<img src=\"http:\/\/www.alphapavimentos.com\/inicio\/wp-content\/uploads\/2014\/08\/Foto-7.jpg\" alt=\"Alpha Pavimentos\" width=\"800\" height=\"601\" \/>\r\n\t\t\t\t\t\t\t\t<div class=\"slideshow_description_box slideshow_transparent\">\r\n\t\t\t\t\t<div class=\"slideshow_title\">Alpha Pavimentos<\/div>\t\t\t\t\t\t\t\t\t<\/div>\r\n\t\t\t<\/div>\r\n\r\n\t\t\t<div style=\"clear: both;\"><\/div><\/div><div class=\"slideshow_view\">\r\n\t\t\t<div class=\"slideshow_slide slideshow_slide_image\">\r\n\t\t\t\t\t\t\t\t\t<img src=\"http:\/\/www.alphapavimentos.com\/inicio\/wp-content\/uploads\/2014\/08\/Foto-6.jpg\" alt=\"Alpha Pavimentos\" width=\"800\" height=\"567\" \/>\r\n\t\t\t\t\t\t\t\t<div class=\"slideshow_description_box slideshow_transparent\">\r\n\t\t\t\t\t<div class=\"slideshow_title\">Alpha Pavimentos<\/div>\t\t\t\t\t\t\t\t\t<\/div>\r\n\t\t\t<\/div>\r\n\r\n\t\t\t<div style=\"clear: both;\"><\/div><\/div><div class=\"slideshow_view\">\r\n\t\t\t<div class=\"slideshow_slide slideshow_slide_image\">\r\n\t\t\t\t\t\t\t\t\t<img src=\"http:\/\/www.alphapavimentos.com\/inicio\/wp-content\/uploads\/2014\/08\/foto-5.jpg\" alt=\"Alpha Pavimentos\" width=\"800\" height=\"600\" \/>\r\n\t\t\t\t\t\t\t\t<div class=\"slideshow_description_box slideshow_transparent\">\r\n\t\t\t\t\t<div class=\"slideshow_title\">Alpha Pavimentos<\/div>\t\t\t\t\t\t\t\t\t<\/div>\r\n\t\t\t<\/div>\r\n\r\n\t\t\t<div style=\"clear: both;\"><\/div><\/div><div class=\"slideshow_view\">\r\n\t\t\t<div class=\"slideshow_slide slideshow_slide_image\">\r\n\t\t\t\t\t\t\t\t\t<img src=\"http:\/\/www.alphapavimentos.com\/inicio\/wp-content\/uploads\/2014\/08\/foto-4.jpg\" alt=\"Alpha Pavimentos\" width=\"800\" height=\"525\" \/>\r\n\t\t\t\t\t\t\t\t<div class=\"slideshow_description_box slideshow_transparent\">\r\n\t\t\t\t\t<div class=\"slideshow_title\">Alpha Pavimentos<\/div>\t\t\t\t\t\t\t\t\t<\/div>\r\n\t\t\t<\/div>\r\n\r\n\t\t\t<div style=\"clear: both;\"><\/div><\/div><div class=\"slideshow_view\">\r\n\t\t\t<div class=\"slideshow_slide slideshow_slide_image\">\r\n\t\t\t\t\t\t\t\t\t<img src=\"http:\/\/www.alphapavimentos.com\/inicio\/wp-content\/uploads\/2014\/08\/Foto-3.jpg\" alt=\"Alpha Pavimentos\" width=\"800\" height=\"600\" \/>\r\n\t\t\t\t\t\t\t\t<div class=\"slideshow_description_box slideshow_transparent\">\r\n\t\t\t\t\t<div class=\"slideshow_title\">Alpha Pavimentos<\/div>\t\t\t\t\t\t\t\t\t<\/div>\r\n\t\t\t<\/div>\r\n\r\n\t\t\t<div style=\"clear: both;\"><\/div><\/div><div class=\"slideshow_view\">\r\n\t\t\t<div class=\"slideshow_slide slideshow_slide_image\">\r\n\t\t\t\t\t\t\t\t\t<img src=\"http:\/\/www.alphapavimentos.com\/inicio\/wp-content\/uploads\/2014\/08\/foto-2.jpg\" alt=\"Alpha Pavimentos\" width=\"800\" height=\"604\" \/>\r\n\t\t\t\t\t\t\t\t<div class=\"slideshow_description_box slideshow_transparent\">\r\n\t\t\t\t\t<div class=\"slideshow_title\">Alpha Pavimentos<\/div>\t\t\t\t\t\t\t\t\t<\/div>\r\n\t\t\t<\/div>\r\n\r\n\t\t\t<div style=\"clear: both;\"><\/div><\/div>\r\n\t<\/div>\r\n\r\n\t<div class=\"slideshow_controlPanel slideshow_transparent\" style=\"display: none;\"><ul><li class=\"slideshow_togglePlay\" data-play-text=\"Play\" data-pause-text=\"Pause\"><\/li><\/ul><\/div>\r\n\r\n\t<div class=\"slideshow_button slideshow_previous slideshow_transparent\" role=\"button\" data-previous-text=\"Previous\" style=\"display: none;\"><\/div>\r\n\t<div class=\"slideshow_button slideshow_next slideshow_transparent\" role=\"button\" data-next-text=\"Next\" style=\"display: none;\"><\/div>\r\n\r\n\t<div class=\"slideshow_pagination\" style=\"display: none;\" data-go-to-text=\"Go to slide\"><div class=\"slideshow_pagination_center\"><\/div><\/div>\r\n\r\n\t<!-- WordPress Slideshow Version 2.2.21 -->\r\n\r\n\t<\/div><\/p>\n<h4 style=\"text-align: center;\">TOPOGRAF\u00cdA.<\/h4>\n<ul style=\"text-align: center;\">\n<li>LEVANTAMIENTO TOPOGR\u00c1FICO<\/li>\n<li>POLIGONALES<\/li>\n<li>ALTIMETR\u00cdA<\/li>\n<li>PERIMETR\u00cdA<\/li>\n<li>TRAZO DE EJES DE REFERENCIA<\/li>\n<li><\/li>\n<li><\/li>\n<\/ul>\n<h4 style=\"text-align: center;\"><strong><strong>TRABAJOS PRELIMINARES<br \/>\n<\/strong><\/strong><\/h4>\n<ul style=\"text-align: center;\">\n<li>DESPALME<\/li>\n<li>DESHIERBE<\/li>\n<li>LIMPIEZA DE TERRENO<\/li>\n<li>EXCAVACIONES PRELIMINARES<\/li>\n<li>CORTE DE TERRENO<\/li>\n<li>DEMOLICI\u00d3N DE CARPETAS ASF\u00c1LTICAS<\/li>\n<li>DEMOLICI\u00d3N DE PISOS DE CONCRETO<\/li>\n<li>DEMOLICI\u00d3N DE LOSAS DE CONCRETO HIDR\u00c1ULICO<\/li>\n<li>CARGA DE MATERIAL<\/li>\n<li>ACARREO DE MATERIAL 1ER KM.<\/li>\n<li>SOBRE ACARREO<\/li>\n<li>FRESADO DE CARPETAS ASFALTICAS<\/li>\n<\/ul>\n<p style=\"text-align: center;\"><strong>TERRAPLEN<\/strong><\/p>\n<p style=\"text-align: center;\">CONFORMACI\u00d3N DE TERRAPLENES<\/p>\n<p style=\"text-align: center;\"><strong>TERRACERIAS<\/strong><\/p>\n<ul style=\"text-align: center;\">\n<li>SUBRASANTE<\/li>\n<li>SUBYACENTE<\/li>\n<li>CORTE DE TERRENO<\/li>\n<li>FILTRO<\/li>\n<li>BASE NEGRA<\/li>\n<\/ul>\n<p style=\"text-align: center;\"><strong>RIEGOS<\/strong><\/p>\n<ul style=\"text-align: center;\">\n<li>RIEGO DE IMPREGNACI\u00d3N<\/li>\n<li>RIEGO DE LIGA<\/li>\n<li>RIEGOS DE SELLO<\/li>\n<\/ul>\n<h4 style=\"text-align: center;\"><strong>PAVIMENTOS<\/strong><\/h4>\n<ul style=\"text-align: center;\">\n<li>SUB BASE HIDR\u00c1ULICA<\/li>\n<li>(TEPETATE, CONTROLADA, CEMENTADA)<\/li>\n<li>BASE HIDR\u00c1ULICA<\/li>\n<li>(TEPETATE, CONTROLADA, CEMENTADA)<\/li>\n<li>CARPETA ASF\u00c1LTICA<\/li>\n<li>REENCARPETADO<\/li>\n<li>CONCRETO HIDR\u00c1ULICO<\/li>\n<li>REENCARPETADO DE CONCRETO<\/li>\n<li>CONCRETO COMPACTADO<\/li>\n<li>CONCRETO ECOL\u00d3GICO<\/li>\n<\/ul>\n<p style=\"text-align: center;\"><b>CARPETAS DE SELLO<\/b><\/p>\n<ul>\n<li style=\"text-align: center;\">CEMENTADAS<\/li>\n<li style=\"text-align: center;\">CEMENTO TIPO PORTLAND<\/li>\n<li style=\"text-align: center;\">SELLO 3A<\/li>\n<li style=\"text-align: center;\">SLURRY SEAL<\/li>\n<li style=\"text-align: center;\"><\/li>\n<\/ul>\n<h4 style=\"text-align: center;\">MANTENIMIENTO<\/h4>\n<ul style=\"text-align: center;\">\n<li>PREVENTIVO<\/li>\n<li>CORRECTIVO<\/li>\n<li>TRATAMIENTO DE BACHES (BACHEO)<\/li>\n<li><\/li>\n<\/ul>\n<h4 style=\"text-align: center;\"><\/h4>\n<h4 style=\"text-align: center;\"><strong>IMPERMEABILIZACIONES<\/strong><\/h4>\n<ul>\n<li style=\"text-align: center;\">HOGAR<\/li>\n<li style=\"text-align: center;\">INDUSTRIA<\/li>\n<li style=\"text-align: center;\">ESTACIONAMIENTO ELEVADOS<\/li>\n<li style=\"text-align: center;\">NAVES<\/li>\n<\/ul>\n<div id=\"cc-m-8647994982\" class=\"n j-text\" style=\"color: #333333;\"><\/div>\n","protected":false},"excerpt":{"rendered":"<p>&nbsp; Alpha Pavimentos Servicios que ofrecemos TOPOGRAF\u00cdA. LEVANTAMIENTO TOPOGR\u00c1FICO POLIGONALES ALTIMETR\u00cdA PERIMETR\u00cdA TRAZO DE EJES DE REFERENCIA TRABAJOS PRELIMINARES DESPALME DESHIERBE LIMPIEZA DE TERRENO EXCAVACIONES PRELIMINARES CORTE DE TERRENO DEMOLICI\u00d3N DE CARPETAS ASF\u00c1LTICAS DEMOLICI\u00d3N DE PISOS DE CONCRETO DEMOLICI\u00d3N DE LOSAS DE CONCRETO HIDR\u00c1ULICO CARGA DE MATERIAL ACARREO DE MATERIAL 1ER KM. SOBRE ACARREO FRESADO [&hellip;]<\/p>\n","protected":false},"author":1,"featured_media":0,"parent":0,"menu_order":0,"comment_status":"open","ping_status":"closed","template":"","meta":[],"_links":{"self":[{"href":"http:\/\/www.alphapavimentos.com\/inicio\/wp-json\/wp\/v2\/pages\/70"}],"collection":[{"href":"http:\/\/www.alphapavimentos.com\/inicio\/wp-json\/wp\/v2\/pages"}],"about":[{"href":"http:\/\/www.alphapavimentos.com\/inicio\/wp-json\/wp\/v2\/types\/page"}],"author":[{"embeddable":true,"href":"http:\/\/www.alphapavimentos.com\/inicio\/wp-json\/wp\/v2\/users\/1"}],"replies":[{"embeddable":true,"href":"http:\/\/www.alphapavimentos.com\/inicio\/wp-json\/wp\/v2\/comments?post=70"}],"version-history":[{"count":12,"href":"http:\/\/www.alphapavimentos.com\/inicio\/wp-json\/wp\/v2\/pages\/70\/revisions"}],"predecessor-version":[{"id":77,"href":"http:\/\/www.alphapavimentos.com\/inicio\/wp-json\/wp\/v2\/pages\/70\/revisions\/77"}],"wp:attachment":[{"href":"http:\/\/www.alphapavimentos.com\/inicio\/wp-json\/wp\/v2\/media?parent=70"}],"curies":[{"name":"wp","href":"https:\/\/api.w.org\/{rel}","templated":true}]}}